{"id":36,"date":"2013-03-13T18:21:44","date_gmt":"2013-03-13T17:21:44","guid":{"rendered":"http:\/\/www.dulioncharpente.fr\/realisations-charpentes-monuments-historiques\/?page_id=36"},"modified":"2021-12-18T16:34:45","modified_gmt":"2021-12-18T15:34:45","slug":"travaux-hydrauliques","status":"publish","type":"page","link":"https:\/\/www.dulioncharpente.fr\/realisations-charpentes-monuments-historiques\/travaux-hydrauliques\/","title":{"rendered":"Ouvrages hydrauliques"},"content":{"rendered":"<section class=\"wpb-content-wrapper\"><p>[vc_row][vc_column][vc_column_text]<div id=\"new-royalslider-23\" class=\"royalSlider new-royalslider-23 rsMinW rs-image-gallery\" style=\"width:100%;height:500px;;\" data-rs-options='{&quot;template&quot;:&quot;default&quot;,&quot;image_generation&quot;:{&quot;lazyLoading&quot;:&quot;true&quot;,&quot;imageWidth&quot;:&quot;&quot;,&quot;imageHeight&quot;:&quot;&quot;,&quot;thumbImageWidth&quot;:96,&quot;thumbImageHeight&quot;:72},&quot;thumbs&quot;:{&quot;paddingBottom&quot;:4,&quot;thumbWidth&quot;:96,&quot;thumbHeight&quot;:72,&quot;appendSpan&quot;:&quot;true&quot;},&quot;fullscreen&quot;:{&quot;enabled&quot;:&quot;true&quot;,&quot;nativeFS&quot;:&quot;true&quot;},&quot;block&quot;:{&quot;moveOffset&quot;:20,&quot;speed&quot;:400,&quot;delay&quot;:200},&quot;width&quot;:&quot;100%&quot;,&quot;height&quot;:500,&quot;autoScaleSlider&quot;:&quot;true&quot;,&quot;autoScaleSliderWidth&quot;:960,&quot;autoScaleSliderHeight&quot;:850,&quot;controlNavigation&quot;:&quot;thumbnails&quot;,&quot;arrowsNavHideOnTouch&quot;:&quot;true&quot;,&quot;globalCaption&quot;:&quot;true&quot;,&quot;globalCaptionInside&quot;:&quot;true&quot;,&quot;keyboardNavEnabled&quot;:&quot;true&quot;,&quot;fadeinLoadedSlide&quot;:&quot;false&quot;}'>\n<div class=\"rsContent\">\n  <a class=\"rsImg\" href=\"https:\/\/www.dulioncharpente.fr\/realisations-charpentes-monuments-historiques\/wp-content\/uploads\/moulin-a-eau-ecomusee-alsace1-1024x768.jpg\" data-rsBigImg=\"https:\/\/www.dulioncharpente.fr\/realisations-charpentes-monuments-historiques\/wp-content\/uploads\/moulin-a-eau-ecomusee-alsace1.jpg\">Moulin \u00e0 eau Ecomus\u00e9e d'Alsace<\/a>\n  <div class=\"rsTmb\"><img src=\"https:\/\/www.dulioncharpente.fr\/realisations-charpentes-monuments-historiques\/wp-content\/uploads\/moulin-a-eau-ecomusee-alsace1-96x72.jpg\" alt=\"\" \/><\/div>\n  \n  \n<\/div>\n<div class=\"rsContent\">\n  <a class=\"rsImg\" href=\"https:\/\/www.dulioncharpente.fr\/realisations-charpentes-monuments-historiques\/wp-content\/uploads\/renovation-roue-a-augets-abbaye-de-fontenay-bourgogne1-768x1024.jpg\" data-rsBigImg=\"https:\/\/www.dulioncharpente.fr\/realisations-charpentes-monuments-historiques\/wp-content\/uploads\/renovation-roue-a-augets-abbaye-de-fontenay-bourgogne1.jpg\">R\u00e9novation roue \u00e0 augets, Abbaye de Fontenay - Bourgogne<\/a>\n  <div class=\"rsTmb\"><img src=\"https:\/\/www.dulioncharpente.fr\/realisations-charpentes-monuments-historiques\/wp-content\/uploads\/renovation-roue-a-augets-abbaye-de-fontenay-bourgogne1-96x72.jpg\" alt=\"\" \/><\/div>\n  \n  \n<\/div>\n<div class=\"rsContent\">\n  <a class=\"rsImg\" href=\"https:\/\/www.dulioncharpente.fr\/realisations-charpentes-monuments-historiques\/wp-content\/uploads\/vanne-moulin-a-eau-ecomusee-alsace1-768x1024.jpg\" data-rsBigImg=\"https:\/\/www.dulioncharpente.fr\/realisations-charpentes-monuments-historiques\/wp-content\/uploads\/vanne-moulin-a-eau-ecomusee-alsace1.jpg\">Vanne moulin \u00e0 eau Ecomus\u00e9e d'Alsace<\/a>\n  <div class=\"rsTmb\"><img src=\"https:\/\/www.dulioncharpente.fr\/realisations-charpentes-monuments-historiques\/wp-content\/uploads\/vanne-moulin-a-eau-ecomusee-alsace1-96x72.jpg\" alt=\"\" \/><\/div>\n  \n  \n<\/div>\n<div class=\"rsContent\">\n  <a class=\"rsImg\" href=\"https:\/\/www.dulioncharpente.fr\/realisations-charpentes-monuments-historiques\/wp-content\/uploads\/1202034711gInh.jpg\" data-rsBigImg=\"https:\/\/www.dulioncharpente.fr\/realisations-charpentes-monuments-historiques\/wp-content\/uploads\/1202034711gInh.jpg\">Travaux hydraulique, Tanlay<\/a>\n  <div class=\"rsTmb\"><img src=\"https:\/\/www.dulioncharpente.fr\/realisations-charpentes-monuments-historiques\/wp-content\/uploads\/1202034711gInh-96x72.jpg\" alt=\"\" \/><\/div>\n  \n  \n<\/div>\n<div class=\"rsContent\">\n  <a class=\"rsImg\" href=\"https:\/\/www.dulioncharpente.fr\/realisations-charpentes-monuments-historiques\/wp-content\/uploads\/1202034654awRQ.jpg\" data-rsBigImg=\"https:\/\/www.dulioncharpente.fr\/realisations-charpentes-monuments-historiques\/wp-content\/uploads\/1202034654awRQ.jpg\">Travaux hydraulique, Argentenay<\/a>\n  <div class=\"rsTmb\"><img src=\"https:\/\/www.dulioncharpente.fr\/realisations-charpentes-monuments-historiques\/wp-content\/uploads\/1202034654awRQ-96x72.jpg\" alt=\"\" \/><\/div>\n  \n  \n<\/div>\n<div class=\"rsContent\">\n  <a class=\"rsImg\" href=\"https:\/\/www.dulioncharpente.fr\/realisations-charpentes-monuments-historiques\/wp-content\/uploads\/1202034663POqm.jpg\" data-rsBigImg=\"https:\/\/www.dulioncharpente.fr\/realisations-charpentes-monuments-historiques\/wp-content\/uploads\/1202034663POqm.jpg\">Travaux hydraulique, Argentenay<\/a>\n  <div class=\"rsTmb\"><img src=\"https:\/\/www.dulioncharpente.fr\/realisations-charpentes-monuments-historiques\/wp-content\/uploads\/1202034663POqm-96x72.jpg\" alt=\"\" \/><\/div>\n  \n  \n<\/div>\n<div class=\"rsContent\">\n  <a class=\"rsImg\" href=\"https:\/\/www.dulioncharpente.fr\/realisations-charpentes-monuments-historiques\/wp-content\/uploads\/1202034671wG5s.jpg\" data-rsBigImg=\"https:\/\/www.dulioncharpente.fr\/realisations-charpentes-monuments-historiques\/wp-content\/uploads\/1202034671wG5s.jpg\">Travaux hydraulique. Canal de bourgogne.<\/a>\n  <div class=\"rsTmb\"><img src=\"https:\/\/www.dulioncharpente.fr\/realisations-charpentes-monuments-historiques\/wp-content\/uploads\/1202034671wG5s-96x72.jpg\" alt=\"\" \/><\/div>\n  \n  \n<\/div>\n<div class=\"rsContent\">\n  <a class=\"rsImg\" href=\"https:\/\/www.dulioncharpente.fr\/realisations-charpentes-monuments-historiques\/wp-content\/uploads\/vannage-et-pont-bois-1024x634.jpg\" data-rsBigImg=\"https:\/\/www.dulioncharpente.fr\/realisations-charpentes-monuments-historiques\/wp-content\/uploads\/vannage-et-pont-bois.jpg\">Vannage et pont en bois<\/a>\n  <div class=\"rsTmb\"><img src=\"https:\/\/www.dulioncharpente.fr\/realisations-charpentes-monuments-historiques\/wp-content\/uploads\/vannage-et-pont-bois-96x72.jpg\" alt=\"\" \/><\/div>\n  \n  \n<\/div>\n\n<\/div>\n[\/vc_column_text][vc_row_inner][vc_column_inner width=\u00a0\u00bb1\/2&Prime;][vc_column_text css=\u00a0\u00bb.vc_custom_1639841662690{margin-bottom: 10px !important;}\u00a0\u00bb]<\/p>\n<ul>\n<li><strong><a href=\"https:\/\/www.dulioncharpente.fr\/realisations-charpentes-monuments-historiques\/moulin-a-eau\/\">Moulin \u00e0 eau<\/a><\/strong><\/li>\n<li><a href=\"https:\/\/www.dulioncharpente.fr\/realisations-charpentes-monuments-historiques\/roue-a-augets\/\"><strong>Roue \u00e0 augets<\/strong><\/a><\/li>\n<li><strong><a href=\"https:\/\/www.dulioncharpente.fr\/realisations-charpentes-monuments-historiques\/vannage-et-grille-bois\/\">Vannage et grille bois<\/a><\/strong><\/li>\n<li><strong><a href=\"https:\/\/www.dulioncharpente.fr\/realisations-charpentes-monuments-historiques\/vannage-a-deux-vantaux\/\">Vannage \u00e0 deux vantaux<\/a><\/strong><\/li>\n<\/ul>\n<p>[\/vc_column_text][\/vc_column_inner][vc_column_inner width=\u00a0\u00bb1\/2&Prime;][vc_column_text css=\u00a0\u00bb.vc_custom_1639841670805{margin-bottom: 10px !important;}\u00a0\u00bb]<\/p>\n<ul>\n<li><strong><a href=\"https:\/\/www.dulioncharpente.fr\/realisations-charpentes-monuments-historiques\/vannage-a-deux-vantaux\/\">Ecluses<\/a><\/strong><\/li>\n<\/ul>\n<p>[\/vc_column_text][\/vc_column_inner][\/vc_row_inner][\/vc_column][\/vc_row]<\/p>\n<\/section>","protected":false},"excerpt":{"rendered":"<p>[vc_row][vc_column][vc_column_text][\/vc_column_text][vc_row_inner][vc_column_inner width=\u00a0\u00bb1\/2&Prime;][vc_column_text css=\u00a0\u00bb.vc_custom_1639841662690{margin-bottom: 10px !important;}\u00a0\u00bb] Moulin \u00e0 eau Roue \u00e0 augets Vannage et grille bois Vannage \u00e0 deux vantaux [\/vc_column_text][\/vc_column_inner][vc_column_inner width=\u00a0\u00bb1\/2&Prime;][vc_column_text css=\u00a0\u00bb.vc_custom_1639841670805{margin-bottom: 10px !important;}\u00a0\u00bb] Ecluses [\/vc_column_text][\/vc_column_inner][\/vc_row_inner][\/vc_column][\/vc_row]<\/p>\n","protected":false},"author":1,"featured_media":0,"parent":0,"menu_order":0,"comment_status":"closed","ping_status":"open","template":"","meta":[],"_links":{"self":[{"href":"https:\/\/www.dulioncharpente.fr\/realisations-charpentes-monuments-historiques\/wp-json\/wp\/v2\/pages\/36"}],"collection":[{"href":"https:\/\/www.dulioncharpente.fr\/realisations-charpentes-monuments-historiques\/wp-json\/wp\/v2\/pages"}],"about":[{"href":"https:\/\/www.dulioncharpente.fr\/realisations-charpentes-monuments-historiques\/wp-json\/wp\/v2\/types\/page"}],"author":[{"embeddable":true,"href":"https:\/\/www.dulioncharpente.fr\/realisations-charpentes-monuments-historiques\/wp-json\/wp\/v2\/users\/1"}],"replies":[{"embeddable":true,"href":"https:\/\/www.dulioncharpente.fr\/realisations-charpentes-monuments-historiques\/wp-json\/wp\/v2\/comments?post=36"}],"version-history":[{"count":16,"href":"https:\/\/www.dulioncharpente.fr\/realisations-charpentes-monuments-historiques\/wp-json\/wp\/v2\/pages\/36\/revisions"}],"predecessor-version":[{"id":1165,"href":"https:\/\/www.dulioncharpente.fr\/realisations-charpentes-monuments-historiques\/wp-json\/wp\/v2\/pages\/36\/revisions\/1165"}],"wp:attachment":[{"href":"https:\/\/www.dulioncharpente.fr\/realisations-charpentes-monuments-historiques\/wp-json\/wp\/v2\/media?parent=36"}],"curies":[{"name":"wp","href":"https:\/\/api.w.org\/{rel}","templated":true}]}}