{"id":342,"date":"2013-05-14T13:09:04","date_gmt":"2013-05-14T12:09:04","guid":{"rendered":"http:\/\/www.dulioncharpente.fr\/realisations-charpentes-monuments-historiques\/?page_id=342"},"modified":"2021-11-23T17:01:06","modified_gmt":"2021-11-23T16:01:06","slug":"ecluse","status":"publish","type":"page","link":"https:\/\/www.dulioncharpente.fr\/realisations-charpentes-monuments-historiques\/ecluse\/","title":{"rendered":"Ecluse"},"content":{"rendered":"<div id=\"new-royalslider-26\" class=\"royalSlider new-royalslider-26 rsMinW rs-image-gallery\" style=\"width:100%;height:500px;;\" data-rs-options='{&quot;template&quot;:&quot;default&quot;,&quot;image_generation&quot;:{&quot;lazyLoading&quot;:&quot;true&quot;,&quot;imageWidth&quot;:&quot;&quot;,&quot;imageHeight&quot;:&quot;&quot;,&quot;thumbImageWidth&quot;:96,&quot;thumbImageHeight&quot;:72},&quot;thumbs&quot;:{&quot;paddingBottom&quot;:4,&quot;thumbWidth&quot;:96,&quot;thumbHeight&quot;:72,&quot;appendSpan&quot;:&quot;true&quot;},&quot;fullscreen&quot;:{&quot;enabled&quot;:&quot;true&quot;,&quot;nativeFS&quot;:&quot;true&quot;},&quot;video&quot;:{&quot;vimeoCode&quot;:&quot;&lt;iframe src=\\&quot;http:\\\/\\\/player.vimeo.com\\\/video\\\/%id%?byline=0&amp;portrait=0&amp;autoplay=1\\&quot; frameborder=\\&quot;no\\&quot; webkitAllowFullScreen mozallowfullscreen allowFullScreen&gt;&lt;\\\/iframe&gt;&quot;},&quot;block&quot;:{&quot;moveOffset&quot;:20,&quot;speed&quot;:400,&quot;delay&quot;:200},&quot;width&quot;:&quot;100%&quot;,&quot;height&quot;:500,&quot;autoScaleSlider&quot;:&quot;true&quot;,&quot;autoScaleSliderWidth&quot;:960,&quot;autoScaleSliderHeight&quot;:850,&quot;controlNavigation&quot;:&quot;thumbnails&quot;,&quot;arrowsNavHideOnTouch&quot;:&quot;true&quot;,&quot;globalCaption&quot;:&quot;true&quot;,&quot;globalCaptionInside&quot;:&quot;true&quot;,&quot;keyboardNavEnabled&quot;:&quot;true&quot;,&quot;fadeinLoadedSlide&quot;:&quot;false&quot;}'>\n<div class=\"rsContent\">\n  <a class=\"rsImg\" href=\"https:\/\/www.dulioncharpente.fr\/realisations-charpentes-monuments-historiques\/wp-content\/uploads\/1253948778o8s1.jpg\" data-rsBigImg=\"https:\/\/www.dulioncharpente.fr\/realisations-charpentes-monuments-historiques\/wp-content\/uploads\/1253948778o8s1.jpg\">Canal de Bourgogne<\/a>\n  <div class=\"rsTmb\"><img src=\"https:\/\/www.dulioncharpente.fr\/realisations-charpentes-monuments-historiques\/wp-content\/uploads\/1253948778o8s1-96x72.jpg\" alt=\"\" \/><\/div>\n  \n  \n<\/div>\n<div class=\"rsContent\">\n  <a class=\"rsImg\" href=\"https:\/\/www.dulioncharpente.fr\/realisations-charpentes-monuments-historiques\/wp-content\/uploads\/1253948798Cycb.jpg\" data-rsBigImg=\"https:\/\/www.dulioncharpente.fr\/realisations-charpentes-monuments-historiques\/wp-content\/uploads\/1253948798Cycb.jpg\">Canal de Bourgogne<\/a>\n  <div class=\"rsTmb\"><img src=\"https:\/\/www.dulioncharpente.fr\/realisations-charpentes-monuments-historiques\/wp-content\/uploads\/1253948798Cycb-96x72.jpg\" alt=\"\" \/><\/div>\n  \n  \n<\/div>\n<div class=\"rsContent\">\n  <a class=\"rsImg\" href=\"https:\/\/www.dulioncharpente.fr\/realisations-charpentes-monuments-historiques\/wp-content\/uploads\/\u00c9cluse-1-692x1024.jpg\" data-rsBigImg=\"https:\/\/www.dulioncharpente.fr\/realisations-charpentes-monuments-historiques\/wp-content\/uploads\/\u00c9cluse-1.jpg\">\u00c9cluse (1)<\/a>\n  <div class=\"rsTmb\"><img src=\"https:\/\/www.dulioncharpente.fr\/realisations-charpentes-monuments-historiques\/wp-content\/uploads\/\u00c9cluse-1-96x72.jpg\" alt=\"\" \/><\/div>\n  \n  \n<\/div>\n<div class=\"rsContent\">\n  <a class=\"rsImg\" href=\"https:\/\/www.dulioncharpente.fr\/realisations-charpentes-monuments-historiques\/wp-content\/uploads\/\u00c9cluse-2-689x1024.jpg\" data-rsBigImg=\"https:\/\/www.dulioncharpente.fr\/realisations-charpentes-monuments-historiques\/wp-content\/uploads\/\u00c9cluse-2.jpg\">\u00c9cluse (2)<\/a>\n  <div class=\"rsTmb\"><img src=\"https:\/\/www.dulioncharpente.fr\/realisations-charpentes-monuments-historiques\/wp-content\/uploads\/\u00c9cluse-2-96x72.jpg\" alt=\"\" \/><\/div>\n  \n  \n<\/div>\n\n<\/div>\n\n<p>&nbsp;<\/p>\n<table width=\"100%\" border=\"0\" cellspacing=\"0\" cellpadding=\"0\">\n<tbody>\n<tr>\n<td valign=\"top\">\n<ul>\n<li><strong><a href=\"https:\/\/www.dulioncharpente.fr\/realisations-charpentes-monuments-historiques\/moulin-a-eau\/\">Moulin \u00e0 eau<\/a><\/strong><\/li>\n<li><a href=\"https:\/\/www.dulioncharpente.fr\/realisations-charpentes-monuments-historiques\/roue-a-augets\/\"><strong>Roue \u00e0 augets<\/strong><\/a><\/li>\n<\/ul>\n<\/td>\n<td valign=\"top\">\n<ul>\n<li><strong><a href=\"https:\/\/www.dulioncharpente.fr\/realisations-charpentes-monuments-historiques\/vannage-et-grille-bois\/\">Vannage et grille bois<\/a><\/strong><\/li>\n<li><strong><a href=\"https:\/\/www.dulioncharpente.fr\/realisations-charpentes-monuments-historiques\/vannage-a-deux-vantaux\/\">Vannage \u00e0 deux vantaux<\/a><\/strong><\/li>\n<\/ul>\n<p><strong><br \/>\n<\/strong><\/td>\n<\/tr>\n<\/tbody>\n<\/table>\n","protected":false},"excerpt":{"rendered":"<p>&nbsp; Moulin \u00e0 eau Roue \u00e0 augets Vannage et grille bois Vannage \u00e0 deux vantaux<\/p>\n","protected":false},"author":1,"featured_media":0,"parent":0,"menu_order":0,"comment_status":"closed","ping_status":"open","template":"","meta":[],"_links":{"self":[{"href":"https:\/\/www.dulioncharpente.fr\/realisations-charpentes-monuments-historiques\/wp-json\/wp\/v2\/pages\/342"}],"collection":[{"href":"https:\/\/www.dulioncharpente.fr\/realisations-charpentes-monuments-historiques\/wp-json\/wp\/v2\/pages"}],"about":[{"href":"https:\/\/www.dulioncharpente.fr\/realisations-charpentes-monuments-historiques\/wp-json\/wp\/v2\/types\/page"}],"author":[{"embeddable":true,"href":"https:\/\/www.dulioncharpente.fr\/realisations-charpentes-monuments-historiques\/wp-json\/wp\/v2\/users\/1"}],"replies":[{"embeddable":true,"href":"https:\/\/www.dulioncharpente.fr\/realisations-charpentes-monuments-historiques\/wp-json\/wp\/v2\/comments?post=342"}],"version-history":[{"count":5,"href":"https:\/\/www.dulioncharpente.fr\/realisations-charpentes-monuments-historiques\/wp-json\/wp\/v2\/pages\/342\/revisions"}],"predecessor-version":[{"id":601,"href":"https:\/\/www.dulioncharpente.fr\/realisations-charpentes-monuments-historiques\/wp-json\/wp\/v2\/pages\/342\/revisions\/601"}],"wp:attachment":[{"href":"https:\/\/www.dulioncharpente.fr\/realisations-charpentes-monuments-historiques\/wp-json\/wp\/v2\/media?parent=342"}],"curies":[{"name":"wp","href":"https:\/\/api.w.org\/{rel}","templated":true}]}}