{"id":182,"date":"2013-03-14T17:39:11","date_gmt":"2013-03-14T16:39:11","guid":{"rendered":"http:\/\/www.dulioncharpente.fr\/realisations-charpentes-monuments-historiques\/?page_id=182"},"modified":"2021-12-18T16:49:29","modified_gmt":"2021-12-18T15:49:29","slug":"facades-en-pan-de-bois-auxerre","status":"publish","type":"page","link":"https:\/\/www.dulioncharpente.fr\/realisations-charpentes-monuments-historiques\/facades-en-pan-de-bois\/facades-en-pan-de-bois-auxerre\/","title":{"rendered":"Fa\u00e7ades en pan de bois &#8211; Auxerre"},"content":{"rendered":"<section class=\"wpb-content-wrapper\"><p>[vc_row][vc_column][vc_column_text]<div id=\"new-royalslider-13\" class=\"royalSlider new-royalslider-13 rsMinW rs-image-gallery\" style=\"width:100%;height:500px;;\" data-rs-options='{&quot;template&quot;:&quot;default&quot;,&quot;image_generation&quot;:{&quot;lazyLoading&quot;:&quot;true&quot;,&quot;imageWidth&quot;:&quot;&quot;,&quot;imageHeight&quot;:&quot;&quot;,&quot;thumbImageWidth&quot;:96,&quot;thumbImageHeight&quot;:72},&quot;thumbs&quot;:{&quot;paddingBottom&quot;:4,&quot;thumbWidth&quot;:96,&quot;thumbHeight&quot;:72,&quot;appendSpan&quot;:&quot;true&quot;},&quot;fullscreen&quot;:{&quot;enabled&quot;:&quot;true&quot;,&quot;nativeFS&quot;:&quot;true&quot;},&quot;video&quot;:{&quot;vimeoCode&quot;:&quot;&lt;iframe src=\\&quot;http:\\\/\\\/player.vimeo.com\\\/video\\\/%id%?byline=0&amp;portrait=0&amp;autoplay=1\\&quot; frameborder=\\&quot;no\\&quot; webkitAllowFullScreen mozallowfullscreen allowFullScreen&gt;&lt;\\\/iframe&gt;&quot;},&quot;block&quot;:{&quot;moveOffset&quot;:20,&quot;speed&quot;:400,&quot;delay&quot;:200},&quot;width&quot;:&quot;100%&quot;,&quot;height&quot;:500,&quot;autoScaleSlider&quot;:&quot;true&quot;,&quot;autoScaleSliderWidth&quot;:960,&quot;autoScaleSliderHeight&quot;:850,&quot;controlNavigation&quot;:&quot;thumbnails&quot;,&quot;arrowsNavHideOnTouch&quot;:&quot;true&quot;,&quot;globalCaption&quot;:&quot;true&quot;,&quot;globalCaptionInside&quot;:&quot;true&quot;,&quot;keyboardNavEnabled&quot;:&quot;true&quot;,&quot;fadeinLoadedSlide&quot;:&quot;false&quot;}'>\n<div class=\"rsContent\">\n  <a class=\"rsImg\" href=\"https:\/\/www.dulioncharpente.fr\/realisations-charpentes-monuments-historiques\/wp-content\/uploads\/1202029271qgFb.jpg\" data-rsBigImg=\"https:\/\/www.dulioncharpente.fr\/realisations-charpentes-monuments-historiques\/wp-content\/uploads\/1202029271qgFb.jpg\">Fa\u00e7ade apr\u00e8s restauration<\/a>\n  <div class=\"rsTmb\"><img src=\"https:\/\/www.dulioncharpente.fr\/realisations-charpentes-monuments-historiques\/wp-content\/uploads\/1202029271qgFb-96x72.jpg\" alt=\"\" \/><\/div>\n  \n  \n<\/div>\n<div class=\"rsContent\">\n  <a class=\"rsImg\" href=\"https:\/\/www.dulioncharpente.fr\/realisations-charpentes-monuments-historiques\/wp-content\/uploads\/1202029265sUFa.jpg\" data-rsBigImg=\"https:\/\/www.dulioncharpente.fr\/realisations-charpentes-monuments-historiques\/wp-content\/uploads\/1202029265sUFa.jpg\">Angle de fa\u00e7ade d\u00e9grad\u00e9 par des infiltrations<\/a>\n  <div class=\"rsTmb\"><img src=\"https:\/\/www.dulioncharpente.fr\/realisations-charpentes-monuments-historiques\/wp-content\/uploads\/1202029265sUFa-96x72.jpg\" alt=\"\" \/><\/div>\n  \n  \n<\/div>\n<div class=\"rsContent\">\n  <a class=\"rsImg\" href=\"https:\/\/www.dulioncharpente.fr\/realisations-charpentes-monuments-historiques\/wp-content\/uploads\/1202029276q0bS.jpg\" data-rsBigImg=\"https:\/\/www.dulioncharpente.fr\/realisations-charpentes-monuments-historiques\/wp-content\/uploads\/1202029276q0bS.jpg\">Mise ne place des bois neufs avant finition (patine)<\/a>\n  <div class=\"rsTmb\"><img src=\"https:\/\/www.dulioncharpente.fr\/realisations-charpentes-monuments-historiques\/wp-content\/uploads\/1202029276q0bS-96x72.jpg\" alt=\"\" \/><\/div>\n  \n  \n<\/div>\n<div class=\"rsContent\">\n  <a class=\"rsImg\" href=\"https:\/\/www.dulioncharpente.fr\/realisations-charpentes-monuments-historiques\/wp-content\/uploads\/1202029287VmT4.jpg\" data-rsBigImg=\"https:\/\/www.dulioncharpente.fr\/realisations-charpentes-monuments-historiques\/wp-content\/uploads\/1202029287VmT4.jpg\">Fa\u00e7ade avant restauration<\/a>\n  <div class=\"rsTmb\"><img src=\"https:\/\/www.dulioncharpente.fr\/realisations-charpentes-monuments-historiques\/wp-content\/uploads\/1202029287VmT4-96x72.jpg\" alt=\"\" \/><\/div>\n  \n  \n<\/div>\n<div class=\"rsContent\">\n  <a class=\"rsImg\" href=\"https:\/\/www.dulioncharpente.fr\/realisations-charpentes-monuments-historiques\/wp-content\/uploads\/12020293366Lsw.jpg\" data-rsBigImg=\"https:\/\/www.dulioncharpente.fr\/realisations-charpentes-monuments-historiques\/wp-content\/uploads\/12020293366Lsw.jpg\">D\u00e9tail de la corniche abim\u00e9e<\/a>\n  <div class=\"rsTmb\"><img src=\"https:\/\/www.dulioncharpente.fr\/realisations-charpentes-monuments-historiques\/wp-content\/uploads\/12020293366Lsw-96x72.jpg\" alt=\"\" \/><\/div>\n  \n  \n<\/div>\n<div class=\"rsContent\">\n  <a class=\"rsImg\" href=\"https:\/\/www.dulioncharpente.fr\/realisations-charpentes-monuments-historiques\/wp-content\/uploads\/1202029292cNno.jpg\" data-rsBigImg=\"https:\/\/www.dulioncharpente.fr\/realisations-charpentes-monuments-historiques\/wp-content\/uploads\/1202029292cNno.jpg\">Fa\u00e7ade apr\u00e8s restauration<\/a>\n  <div class=\"rsTmb\"><img src=\"https:\/\/www.dulioncharpente.fr\/realisations-charpentes-monuments-historiques\/wp-content\/uploads\/1202029292cNno-96x72.jpg\" alt=\"\" \/><\/div>\n  \n  \n<\/div>\n<div class=\"rsContent\">\n  <a class=\"rsImg\" href=\"https:\/\/www.dulioncharpente.fr\/realisations-charpentes-monuments-historiques\/wp-content\/uploads\/1202029341Ay9k.jpg\" data-rsBigImg=\"https:\/\/www.dulioncharpente.fr\/realisations-charpentes-monuments-historiques\/wp-content\/uploads\/1202029341Ay9k.jpg\">Fa\u00e7ade apr\u00e8s restauration<\/a>\n  <div class=\"rsTmb\"><img src=\"https:\/\/www.dulioncharpente.fr\/realisations-charpentes-monuments-historiques\/wp-content\/uploads\/1202029341Ay9k-96x72.jpg\" alt=\"\" \/><\/div>\n  \n  \n<\/div>\n<div class=\"rsContent\">\n  <a class=\"rsImg\" href=\"https:\/\/www.dulioncharpente.fr\/realisations-charpentes-monuments-historiques\/wp-content\/uploads\/1202029281J7yP.jpg\" data-rsBigImg=\"https:\/\/www.dulioncharpente.fr\/realisations-charpentes-monuments-historiques\/wp-content\/uploads\/1202029281J7yP.jpg\">Corniche restaur\u00e9e. Bois et r\u00e9sine.<\/a>\n  <div class=\"rsTmb\"><img src=\"https:\/\/www.dulioncharpente.fr\/realisations-charpentes-monuments-historiques\/wp-content\/uploads\/1202029281J7yP-96x72.jpg\" alt=\"\" \/><\/div>\n  \n  \n<\/div>\n<div class=\"rsContent\">\n  <a class=\"rsImg\" href=\"https:\/\/www.dulioncharpente.fr\/realisations-charpentes-monuments-historiques\/wp-content\/uploads\/1202029330285l.jpg\" data-rsBigImg=\"https:\/\/www.dulioncharpente.fr\/realisations-charpentes-monuments-historiques\/wp-content\/uploads\/1202029330285l.jpg\">Fa\u00e7ade apr\u00e8s restauration<\/a>\n  <div class=\"rsTmb\"><img src=\"https:\/\/www.dulioncharpente.fr\/realisations-charpentes-monuments-historiques\/wp-content\/uploads\/1202029330285l-96x72.jpg\" alt=\"\" \/><\/div>\n  \n  \n<\/div>\n<div class=\"rsContent\">\n  <a class=\"rsImg\" href=\"https:\/\/www.dulioncharpente.fr\/realisations-charpentes-monuments-historiques\/wp-content\/uploads\/12020293530gzk.jpg\" data-rsBigImg=\"https:\/\/www.dulioncharpente.fr\/realisations-charpentes-monuments-historiques\/wp-content\/uploads\/12020293530gzk.jpg\">Fa\u00e7ade apr\u00e8s restauration. Bois et r\u00e9sine.<\/a>\n  <div class=\"rsTmb\"><img src=\"https:\/\/www.dulioncharpente.fr\/realisations-charpentes-monuments-historiques\/wp-content\/uploads\/12020293530gzk-96x72.jpg\" alt=\"\" \/><\/div>\n  \n  \n<\/div>\n<div class=\"rsContent\">\n  <a class=\"rsImg\" href=\"https:\/\/www.dulioncharpente.fr\/realisations-charpentes-monuments-historiques\/wp-content\/uploads\/1202029368N8i6.jpg\" data-rsBigImg=\"https:\/\/www.dulioncharpente.fr\/realisations-charpentes-monuments-historiques\/wp-content\/uploads\/1202029368N8i6.jpg\">Fa\u00e7ade apr\u00e8s restauration. Bois et r\u00e9sine.<\/a>\n  <div class=\"rsTmb\"><img src=\"https:\/\/www.dulioncharpente.fr\/realisations-charpentes-monuments-historiques\/wp-content\/uploads\/1202029368N8i6-96x72.jpg\" alt=\"\" \/><\/div>\n  \n  \n<\/div>\n<div class=\"rsContent\">\n  <a class=\"rsImg\" href=\"https:\/\/www.dulioncharpente.fr\/realisations-charpentes-monuments-historiques\/wp-content\/uploads\/1202029323INzr.jpg\" data-rsBigImg=\"https:\/\/www.dulioncharpente.fr\/realisations-charpentes-monuments-historiques\/wp-content\/uploads\/1202029323INzr.jpg\">1202029323INzr<\/a>\n  <div class=\"rsTmb\"><img src=\"https:\/\/www.dulioncharpente.fr\/realisations-charpentes-monuments-historiques\/wp-content\/uploads\/1202029323INzr-96x72.jpg\" alt=\"\" \/><\/div>\n  \n  \n<\/div>\n<div class=\"rsContent\">\n  <a class=\"rsImg\" href=\"https:\/\/www.dulioncharpente.fr\/realisations-charpentes-monuments-historiques\/wp-content\/uploads\/1202029255JmHP.jpg\" data-rsBigImg=\"https:\/\/www.dulioncharpente.fr\/realisations-charpentes-monuments-historiques\/wp-content\/uploads\/1202029255JmHP.jpg\">Vue sur ferme d'avant-corps<\/a>\n  <div class=\"rsTmb\"><img src=\"https:\/\/www.dulioncharpente.fr\/realisations-charpentes-monuments-historiques\/wp-content\/uploads\/1202029255JmHP-96x72.jpg\" alt=\"\" \/><\/div>\n  \n  \n<\/div>\n<div class=\"rsContent\">\n  <a class=\"rsImg\" href=\"https:\/\/www.dulioncharpente.fr\/realisations-charpentes-monuments-historiques\/wp-content\/uploads\/1202029299kG4J.jpg\" data-rsBigImg=\"https:\/\/www.dulioncharpente.fr\/realisations-charpentes-monuments-historiques\/wp-content\/uploads\/1202029299kG4J.jpg\">Fa\u00e7ade apr\u00e8s travaux<\/a>\n  <div class=\"rsTmb\"><img src=\"https:\/\/www.dulioncharpente.fr\/realisations-charpentes-monuments-historiques\/wp-content\/uploads\/1202029299kG4J-96x72.jpg\" alt=\"\" \/><\/div>\n  \n  \n<\/div>\n<div class=\"rsContent\">\n  <a class=\"rsImg\" href=\"https:\/\/www.dulioncharpente.fr\/realisations-charpentes-monuments-historiques\/wp-content\/uploads\/1202029303y1M3.jpg\" data-rsBigImg=\"https:\/\/www.dulioncharpente.fr\/realisations-charpentes-monuments-historiques\/wp-content\/uploads\/1202029303y1M3.jpg\">Fen\u00eatre du premier \u00e9tage<\/a>\n  <div class=\"rsTmb\"><img src=\"https:\/\/www.dulioncharpente.fr\/realisations-charpentes-monuments-historiques\/wp-content\/uploads\/1202029303y1M3-96x72.jpg\" alt=\"\" \/><\/div>\n  \n  \n<\/div>\n<div class=\"rsContent\">\n  <a class=\"rsImg\" href=\"https:\/\/www.dulioncharpente.fr\/realisations-charpentes-monuments-historiques\/wp-content\/uploads\/1202029310HaC6.jpg\" data-rsBigImg=\"https:\/\/www.dulioncharpente.fr\/realisations-charpentes-monuments-historiques\/wp-content\/uploads\/1202029310HaC6.jpg\">Vue du premier \u00e9tage<\/a>\n  <div class=\"rsTmb\"><img src=\"https:\/\/www.dulioncharpente.fr\/realisations-charpentes-monuments-historiques\/wp-content\/uploads\/1202029310HaC6-96x72.jpg\" alt=\"\" \/><\/div>\n  \n  \n<\/div>\n<div class=\"rsContent\">\n  <a class=\"rsImg\" href=\"https:\/\/www.dulioncharpente.fr\/realisations-charpentes-monuments-historiques\/wp-content\/uploads\/1202029316umwG.jpg\" data-rsBigImg=\"https:\/\/www.dulioncharpente.fr\/realisations-charpentes-monuments-historiques\/wp-content\/uploads\/1202029316umwG.jpg\">Vue sur les deux fa\u00e7ades restaur\u00e9es<\/a>\n  <div class=\"rsTmb\"><img src=\"https:\/\/www.dulioncharpente.fr\/realisations-charpentes-monuments-historiques\/wp-content\/uploads\/1202029316umwG-96x72.jpg\" alt=\"\" \/><\/div>\n  \n  \n<\/div>\n\n<\/div>\n<p>[\/vc_column_text][vc_row_inner][vc_column_inner width=\u00a0\u00bb1\/2&Prime;][vc_column_text css=\u00a0\u00bb.vc_custom_1639841424689{margin-bottom: 10px !important;}\u00a0\u00bb]<\/p>\n<ul>\n<li><strong><a href=\"https:\/\/www.dulioncharpente.fr\/realisations-charpentes-monuments-historiques\/facades-en-pan-de-bois\/facades-en-pan-de-bois-toucy\/\">Fa\u00e7ades en pan de bois \u2013 Toucy<\/a><\/strong><\/li>\n<\/ul>\n<p>[\/vc_column_text][\/vc_column_inner][vc_column_inner width=\u00a0\u00bb1\/2&Prime;][\/vc_column_inner][\/vc_row_inner][\/vc_column][\/vc_row]<\/p>\n<\/section>","protected":false},"excerpt":{"rendered":"<p>[vc_row][vc_column][vc_column_text] [\/vc_column_text][vc_row_inner][vc_column_inner width=\u00a0\u00bb1\/2&Prime;][vc_column_text css=\u00a0\u00bb.vc_custom_1639841424689{margin-bottom: 10px !important;}\u00a0\u00bb] Fa\u00e7ades en pan de bois \u2013 Toucy [\/vc_column_text][\/vc_column_inner][vc_column_inner width=\u00a0\u00bb1\/2&Prime;][\/vc_column_inner][\/vc_row_inner][\/vc_column][\/vc_row]<\/p>\n","protected":false},"author":1,"featured_media":0,"parent":32,"menu_order":0,"comment_status":"closed","ping_status":"open","template":"","meta":[],"_links":{"self":[{"href":"https:\/\/www.dulioncharpente.fr\/realisations-charpentes-monuments-historiques\/wp-json\/wp\/v2\/pages\/182"}],"collection":[{"href":"https:\/\/www.dulioncharpente.fr\/realisations-charpentes-monuments-historiques\/wp-json\/wp\/v2\/pages"}],"about":[{"href":"https:\/\/www.dulioncharpente.fr\/realisations-charpentes-monuments-historiques\/wp-json\/wp\/v2\/types\/page"}],"author":[{"embeddable":true,"href":"https:\/\/www.dulioncharpente.fr\/realisations-charpentes-monuments-historiques\/wp-json\/wp\/v2\/users\/1"}],"replies":[{"embeddable":true,"href":"https:\/\/www.dulioncharpente.fr\/realisations-charpentes-monuments-historiques\/wp-json\/wp\/v2\/comments?post=182"}],"version-history":[{"count":6,"href":"https:\/\/www.dulioncharpente.fr\/realisations-charpentes-monuments-historiques\/wp-json\/wp\/v2\/pages\/182\/revisions"}],"predecessor-version":[{"id":1179,"href":"https:\/\/www.dulioncharpente.fr\/realisations-charpentes-monuments-historiques\/wp-json\/wp\/v2\/pages\/182\/revisions\/1179"}],"up":[{"embeddable":true,"href":"https:\/\/www.dulioncharpente.fr\/realisations-charpentes-monuments-historiques\/wp-json\/wp\/v2\/pages\/32"}],"wp:attachment":[{"href":"https:\/\/www.dulioncharpente.fr\/realisations-charpentes-monuments-historiques\/wp-json\/wp\/v2\/media?parent=182"}],"curies":[{"name":"wp","href":"https:\/\/api.w.org\/{rel}","templated":true}]}}