{"id":99,"date":"2013-05-22T10:02:29","date_gmt":"2013-05-22T09:02:29","guid":{"rendered":"http:\/\/www.dulioncharpente.fr\/realisations-charpentes-couvertures\/?page_id=99"},"modified":"2021-12-13T15:39:17","modified_gmt":"2021-12-13T14:39:17","slug":"patio-dans-une-maison-ancienne","status":"publish","type":"page","link":"https:\/\/www.dulioncharpente.fr\/realisations-charpentes-couvertures\/patio-dans-une-maison-ancienne\/","title":{"rendered":"Patio dans une maison ancienne"},"content":{"rendered":"<section class=\"wpb-content-wrapper\"><p>[vc_row][vc_column][vc_column_text]<div id=\"new-royalslider-6\" class=\"royalSlider new-royalslider-6 rsMinW rs-image-gallery\" style=\"width:100%;height:500px;;\" data-rs-options='{&quot;template&quot;:&quot;default&quot;,&quot;image_generation&quot;:{&quot;lazyLoading&quot;:&quot;true&quot;,&quot;imageWidth&quot;:&quot;&quot;,&quot;imageHeight&quot;:&quot;&quot;,&quot;thumbImageWidth&quot;:96,&quot;thumbImageHeight&quot;:72},&quot;thumbs&quot;:{&quot;paddingBottom&quot;:4,&quot;thumbWidth&quot;:96,&quot;thumbHeight&quot;:72,&quot;appendSpan&quot;:&quot;true&quot;},&quot;fullscreen&quot;:{&quot;enabled&quot;:&quot;true&quot;,&quot;nativeFS&quot;:&quot;true&quot;},&quot;video&quot;:{&quot;vimeoCode&quot;:&quot;&lt;iframe src=\\&quot;http:\\\/\\\/player.vimeo.com\\\/video\\\/%id%?byline=0&amp;portrait=0&amp;autoplay=1\\&quot; frameborder=\\&quot;no\\&quot; webkitAllowFullScreen mozallowfullscreen allowFullScreen&gt;&lt;\\\/iframe&gt;&quot;},&quot;block&quot;:{&quot;moveOffset&quot;:20,&quot;speed&quot;:400,&quot;delay&quot;:200},&quot;width&quot;:&quot;100%&quot;,&quot;height&quot;:500,&quot;autoScaleSlider&quot;:&quot;true&quot;,&quot;autoScaleSliderWidth&quot;:960,&quot;autoScaleSliderHeight&quot;:850,&quot;controlNavigation&quot;:&quot;thumbnails&quot;,&quot;arrowsNavHideOnTouch&quot;:&quot;true&quot;,&quot;globalCaption&quot;:&quot;true&quot;,&quot;globalCaptionInside&quot;:&quot;true&quot;,&quot;keyboardNavEnabled&quot;:&quot;true&quot;,&quot;fadeinLoadedSlide&quot;:&quot;false&quot;}'>\n<div class=\"rsContent\">\n  <a class=\"rsImg\" href=\"https:\/\/www.dulioncharpente.fr\/realisations-charpentes-couvertures\/wp-content\/uploads\/12037616516mUx.jpg\" data-rsBigImg=\"https:\/\/www.dulioncharpente.fr\/realisations-charpentes-couvertures\/wp-content\/uploads\/12037616516mUx.jpg\">Cry<\/a>\n  <div class=\"rsTmb\"><img src=\"https:\/\/www.dulioncharpente.fr\/realisations-charpentes-couvertures\/wp-content\/uploads\/12037616516mUx-96x72.jpg\" alt=\"\" \/><\/div>\n  \n  \n<\/div>\n<div class=\"rsContent\">\n  <a class=\"rsImg\" href=\"https:\/\/www.dulioncharpente.fr\/realisations-charpentes-couvertures\/wp-content\/uploads\/1203761666ym4n.jpg\" data-rsBigImg=\"https:\/\/www.dulioncharpente.fr\/realisations-charpentes-couvertures\/wp-content\/uploads\/1203761666ym4n.jpg\">Cry<\/a>\n  <div class=\"rsTmb\"><img src=\"https:\/\/www.dulioncharpente.fr\/realisations-charpentes-couvertures\/wp-content\/uploads\/1203761666ym4n-96x72.jpg\" alt=\"\" \/><\/div>\n  \n  \n<\/div>\n<div class=\"rsContent\">\n  <a class=\"rsImg\" href=\"https:\/\/www.dulioncharpente.fr\/realisations-charpentes-couvertures\/wp-content\/uploads\/120376166049Vd.jpg\" data-rsBigImg=\"https:\/\/www.dulioncharpente.fr\/realisations-charpentes-couvertures\/wp-content\/uploads\/120376166049Vd.jpg\">Cry<\/a>\n  <div class=\"rsTmb\"><img src=\"https:\/\/www.dulioncharpente.fr\/realisations-charpentes-couvertures\/wp-content\/uploads\/120376166049Vd-96x72.jpg\" alt=\"\" \/><\/div>\n  \n  \n<\/div>\n<div class=\"rsContent\">\n  <a class=\"rsImg\" href=\"https:\/\/www.dulioncharpente.fr\/realisations-charpentes-couvertures\/wp-content\/uploads\/1203761675S7qD.jpg\" data-rsBigImg=\"https:\/\/www.dulioncharpente.fr\/realisations-charpentes-couvertures\/wp-content\/uploads\/1203761675S7qD.jpg\">Cry<\/a>\n  <div class=\"rsTmb\"><img src=\"https:\/\/www.dulioncharpente.fr\/realisations-charpentes-couvertures\/wp-content\/uploads\/1203761675S7qD-96x72.jpg\" alt=\"\" \/><\/div>\n  \n  \n<\/div>\n<div class=\"rsContent\">\n  <a class=\"rsImg\" href=\"https:\/\/www.dulioncharpente.fr\/realisations-charpentes-couvertures\/wp-content\/uploads\/1203761681maJn.jpg\" data-rsBigImg=\"https:\/\/www.dulioncharpente.fr\/realisations-charpentes-couvertures\/wp-content\/uploads\/1203761681maJn.jpg\">Cry<\/a>\n  <div class=\"rsTmb\"><img src=\"https:\/\/www.dulioncharpente.fr\/realisations-charpentes-couvertures\/wp-content\/uploads\/1203761681maJn-96x72.jpg\" alt=\"\" \/><\/div>\n  \n  \n<\/div>\n\n<\/div>\n[\/vc_column_text][vc_row_inner][vc_column_inner width=\u00a0\u00bb1\/2&Prime;][vc_column_text css=\u00a0\u00bb.vc_custom_1639406354940{margin-bottom: 10px !important;}\u00a0\u00bb]<\/p>\n<ul>\n<li><strong><a href=\"https:\/\/www.dulioncharpente.fr\/realisations-charpentes-couvertures\/cage-descalier\/\">Cage d\u2019escalier<\/a><\/strong><\/li>\n<li><strong><a href=\"https:\/\/www.dulioncharpente.fr\/realisations-charpentes-couvertures\/garage-en-chene\/\">Garage en ch\u00eane<\/a><\/strong><\/li>\n<li><strong style=\"line-height: 19px;\"><a href=\"https:\/\/www.dulioncharpente.fr\/realisations-charpentes-couvertures\/charpente-en-lamelle-colle\/\">Charpentes en lamell\u00e9 coll\u00e9<\/a><\/strong><\/li>\n<\/ul>\n<p>[\/vc_column_text][\/vc_column_inner][vc_column_inner width=\u00a0\u00bb1\/2&Prime;][vc_column_text]<\/p>\n<ul>\n<li><strong><a style=\"line-height: 19px;\" href=\"https:\/\/www.dulioncharpente.fr\/realisations-charpentes-couvertures\/grange-en-chene\/\">Grange en ch\u00eane<\/a><\/strong><\/li>\n<li><strong><a style=\"line-height: 19px;\" href=\"https:\/\/www.dulioncharpente.fr\/realisations-charpentes-couvertures\/hangar-en-chene\/\">Hangar en ch\u00eane<\/a><\/strong><\/li>\n<li><strong><a style=\"line-height: 19px;\" href=\"https:\/\/www.dulioncharpente.fr\/realisations-charpentes-couvertures\/halle-de-stockage\/\">Halle de stockage<\/a><\/strong><\/li>\n<li><strong><a style=\"line-height: 19px;\" href=\"https:\/\/www.dulioncharpente.fr\/realisations-charpentes-couvertures\/box-a-chevaux\/\">Box \u00e0 chevaux<\/a><\/strong><\/li>\n<\/ul>\n<p>[\/vc_column_text][\/vc_column_inner][\/vc_row_inner][\/vc_column][\/vc_row]<\/p>\n<\/section>","protected":false},"excerpt":{"rendered":"<p>[vc_row][vc_column][vc_column_text][\/vc_column_text][vc_row_inner][vc_column_inner width=\u00a0\u00bb1\/2&Prime;][vc_column_text css=\u00a0\u00bb.vc_custom_1639406354940{margin-bottom: 10px !important;}\u00a0\u00bb] Cage d\u2019escalier Garage en ch\u00eane Charpentes en lamell\u00e9 coll\u00e9 [\/vc_column_text][\/vc_column_inner][vc_column_inner width=\u00a0\u00bb1\/2&Prime;][vc_column_text] Grange en ch\u00eane Hangar en ch\u00eane Halle de stockage Box \u00e0 chevaux [\/vc_column_text][\/vc_column_inner][\/vc_row_inner][\/vc_column][\/vc_row]<\/p>\n","protected":false},"author":1,"featured_media":0,"parent":0,"menu_order":0,"comment_status":"closed","ping_status":"open","template":"","meta":[],"_links":{"self":[{"href":"https:\/\/www.dulioncharpente.fr\/realisations-charpentes-couvertures\/wp-json\/wp\/v2\/pages\/99"}],"collection":[{"href":"https:\/\/www.dulioncharpente.fr\/realisations-charpentes-couvertures\/wp-json\/wp\/v2\/pages"}],"about":[{"href":"https:\/\/www.dulioncharpente.fr\/realisations-charpentes-couvertures\/wp-json\/wp\/v2\/types\/page"}],"author":[{"embeddable":true,"href":"https:\/\/www.dulioncharpente.fr\/realisations-charpentes-couvertures\/wp-json\/wp\/v2\/users\/1"}],"replies":[{"embeddable":true,"href":"https:\/\/www.dulioncharpente.fr\/realisations-charpentes-couvertures\/wp-json\/wp\/v2\/comments?post=99"}],"version-history":[{"count":7,"href":"https:\/\/www.dulioncharpente.fr\/realisations-charpentes-couvertures\/wp-json\/wp\/v2\/pages\/99\/revisions"}],"predecessor-version":[{"id":904,"href":"https:\/\/www.dulioncharpente.fr\/realisations-charpentes-couvertures\/wp-json\/wp\/v2\/pages\/99\/revisions\/904"}],"wp:attachment":[{"href":"https:\/\/www.dulioncharpente.fr\/realisations-charpentes-couvertures\/wp-json\/wp\/v2\/media?parent=99"}],"curies":[{"name":"wp","href":"https:\/\/api.w.org\/{rel}","templated":true}]}}