{"id":511,"date":"2013-05-23T17:24:53","date_gmt":"2013-05-23T16:24:53","guid":{"rendered":"http:\/\/www.dulioncharpente.fr\/realisations-charpentes-couvertures\/?page_id=511"},"modified":"2021-12-14T14:34:58","modified_gmt":"2021-12-14T13:34:58","slug":"fenetres","status":"publish","type":"page","link":"https:\/\/www.dulioncharpente.fr\/realisations-charpentes-couvertures\/fenetres\/","title":{"rendered":"Fen\u00eatres"},"content":{"rendered":"<section class=\"wpb-content-wrapper\"><p>[vc_row][vc_column][vc_column_text]<div id=\"new-royalslider-49\" class=\"royalSlider new-royalslider-49 rsMinW rs-image-gallery\" style=\"width:100%;height:500px;;\" data-rs-options='{&quot;template&quot;:&quot;default&quot;,&quot;image_generation&quot;:{&quot;lazyLoading&quot;:&quot;true&quot;,&quot;imageWidth&quot;:&quot;&quot;,&quot;imageHeight&quot;:&quot;&quot;,&quot;thumbImageWidth&quot;:96,&quot;thumbImageHeight&quot;:72},&quot;thumbs&quot;:{&quot;paddingBottom&quot;:4,&quot;thumbWidth&quot;:96,&quot;thumbHeight&quot;:72,&quot;appendSpan&quot;:&quot;true&quot;},&quot;fullscreen&quot;:{&quot;enabled&quot;:&quot;true&quot;,&quot;nativeFS&quot;:&quot;true&quot;},&quot;video&quot;:{&quot;vimeoCode&quot;:&quot;&lt;iframe src=\\&quot;http:\\\/\\\/player.vimeo.com\\\/video\\\/%id%?byline=0&amp;portrait=0&amp;autoplay=1\\&quot; frameborder=\\&quot;no\\&quot; webkitAllowFullScreen mozallowfullscreen allowFullScreen&gt;&lt;\\\/iframe&gt;&quot;},&quot;block&quot;:{&quot;moveOffset&quot;:20,&quot;speed&quot;:400,&quot;delay&quot;:200},&quot;width&quot;:&quot;100%&quot;,&quot;height&quot;:500,&quot;autoScaleSlider&quot;:&quot;true&quot;,&quot;autoScaleSliderWidth&quot;:960,&quot;autoScaleSliderHeight&quot;:850,&quot;controlNavigation&quot;:&quot;thumbnails&quot;,&quot;arrowsNavHideOnTouch&quot;:&quot;true&quot;,&quot;globalCaption&quot;:&quot;true&quot;,&quot;globalCaptionInside&quot;:&quot;true&quot;,&quot;keyboardNavEnabled&quot;:&quot;true&quot;,&quot;fadeinLoadedSlide&quot;:&quot;false&quot;}'>\n<div class=\"rsContent\">\n  <a class=\"rsImg\" href=\"https:\/\/www.dulioncharpente.fr\/realisations-charpentes-couvertures\/wp-content\/uploads\/12043960198qqp.jpg\" data-rsBigImg=\"https:\/\/www.dulioncharpente.fr\/realisations-charpentes-couvertures\/wp-content\/uploads\/12043960198qqp.jpg\">St-Cyr-les-Colons<\/a>\n  <div class=\"rsTmb\"><img src=\"https:\/\/www.dulioncharpente.fr\/realisations-charpentes-couvertures\/wp-content\/uploads\/12043960198qqp-96x72.jpg\" alt=\"\" \/><\/div>\n  \n  \n<\/div>\n<div class=\"rsContent\">\n  <a class=\"rsImg\" href=\"https:\/\/www.dulioncharpente.fr\/realisations-charpentes-couvertures\/wp-content\/uploads\/1234112614EkrB.jpg\" data-rsBigImg=\"https:\/\/www.dulioncharpente.fr\/realisations-charpentes-couvertures\/wp-content\/uploads\/1234112614EkrB.jpg\">Ravi\u00e8res<\/a>\n  <div class=\"rsTmb\"><img src=\"https:\/\/www.dulioncharpente.fr\/realisations-charpentes-couvertures\/wp-content\/uploads\/1234112614EkrB-96x72.jpg\" alt=\"\" \/><\/div>\n  \n  \n<\/div>\n<div class=\"rsContent\">\n  <a class=\"rsImg\" href=\"https:\/\/www.dulioncharpente.fr\/realisations-charpentes-couvertures\/wp-content\/uploads\/1234112563jffi.jpg\" data-rsBigImg=\"https:\/\/www.dulioncharpente.fr\/realisations-charpentes-couvertures\/wp-content\/uploads\/1234112563jffi.jpg\">Ravi\u00e8res<\/a>\n  <div class=\"rsTmb\"><img src=\"https:\/\/www.dulioncharpente.fr\/realisations-charpentes-couvertures\/wp-content\/uploads\/1234112563jffi-96x72.jpg\" alt=\"\" \/><\/div>\n  \n  \n<\/div>\n<div class=\"rsContent\">\n  <a class=\"rsImg\" href=\"https:\/\/www.dulioncharpente.fr\/realisations-charpentes-couvertures\/wp-content\/uploads\/1208839605c0yu.jpg\" data-rsBigImg=\"https:\/\/www.dulioncharpente.fr\/realisations-charpentes-couvertures\/wp-content\/uploads\/1208839605c0yu.jpg\">Ancy-le-Franc<\/a>\n  <div class=\"rsTmb\"><img src=\"https:\/\/www.dulioncharpente.fr\/realisations-charpentes-couvertures\/wp-content\/uploads\/1208839605c0yu-96x72.jpg\" alt=\"\" \/><\/div>\n  \n  \n<\/div>\n<div class=\"rsContent\">\n  <a class=\"rsImg\" href=\"https:\/\/www.dulioncharpente.fr\/realisations-charpentes-couvertures\/wp-content\/uploads\/12088396347heu.jpg\" data-rsBigImg=\"https:\/\/www.dulioncharpente.fr\/realisations-charpentes-couvertures\/wp-content\/uploads\/12088396347heu.jpg\">Coussegrey<\/a>\n  <div class=\"rsTmb\"><img src=\"https:\/\/www.dulioncharpente.fr\/realisations-charpentes-couvertures\/wp-content\/uploads\/12088396347heu-96x72.jpg\" alt=\"\" \/><\/div>\n  \n  \n<\/div>\n<div class=\"rsContent\">\n  <a class=\"rsImg\" href=\"https:\/\/www.dulioncharpente.fr\/realisations-charpentes-couvertures\/wp-content\/uploads\/1234115509OqFx.jpg\" data-rsBigImg=\"https:\/\/www.dulioncharpente.fr\/realisations-charpentes-couvertures\/wp-content\/uploads\/1234115509OqFx.jpg\">Ancy-le-Franc<\/a>\n  <div class=\"rsTmb\"><img src=\"https:\/\/www.dulioncharpente.fr\/realisations-charpentes-couvertures\/wp-content\/uploads\/1234115509OqFx-96x72.jpg\" alt=\"\" \/><\/div>\n  \n  \n<\/div>\n<div class=\"rsContent\">\n  <a class=\"rsImg\" href=\"https:\/\/www.dulioncharpente.fr\/realisations-charpentes-couvertures\/wp-content\/uploads\/12043959447Q7C.jpg\" data-rsBigImg=\"https:\/\/www.dulioncharpente.fr\/realisations-charpentes-couvertures\/wp-content\/uploads\/12043959447Q7C.jpg\">Ravi\u00e8res<\/a>\n  <div class=\"rsTmb\"><img src=\"https:\/\/www.dulioncharpente.fr\/realisations-charpentes-couvertures\/wp-content\/uploads\/12043959447Q7C-96x72.jpg\" alt=\"\" \/><\/div>\n  \n  \n<\/div>\n<div class=\"rsContent\">\n  <a class=\"rsImg\" href=\"https:\/\/www.dulioncharpente.fr\/realisations-charpentes-couvertures\/wp-content\/uploads\/1204395224MLDL.jpg\" data-rsBigImg=\"https:\/\/www.dulioncharpente.fr\/realisations-charpentes-couvertures\/wp-content\/uploads\/1204395224MLDL.jpg\">Ravi\u00e8res<\/a>\n  <div class=\"rsTmb\"><img src=\"https:\/\/www.dulioncharpente.fr\/realisations-charpentes-couvertures\/wp-content\/uploads\/1204395224MLDL-96x72.jpg\" alt=\"\" \/><\/div>\n  \n  \n<\/div>\n\n<\/div>\n<br \/>\n[\/vc_column_text][vc_row_inner][vc_column_inner width=\u00a0\u00bb1\/2&Prime;][vc_column_text css=\u00a0\u00bb.vc_custom_1639488895901{margin-bottom: 10px !important;}\u00a0\u00bb]<\/p>\n<ul>\n<li><strong><a href=\"https:\/\/www.dulioncharpente.fr\/realisations-charpentes-couvertures\/portes\/\">Portes<\/a><\/strong><\/li>\n<\/ul>\n<p>[\/vc_column_text][\/vc_column_inner][vc_column_inner width=\u00a0\u00bb1\/2&Prime;][vc_column_text]<\/p>\n<ul>\n<li><strong><a href=\"https:\/\/www.dulioncharpente.fr\/realisations-charpentes-couvertures\/escaliers\/\">Escaliers<\/a><\/strong><\/li>\n<li><a href=\"https:\/\/www.dulioncharpente.fr\/realisations-charpentes-couvertures\/escaliers-bois-metal\/\">Escaliers bois m\u00e9tal<\/a><\/li>\n<li><a href=\"https:\/\/www.dulioncharpente.fr\/realisations-charpentes-couvertures\/escaliers-a-balustre-tournee\/\">Escaliers \u00e0 balustre tourn\u00e9e<\/a><\/li>\n<li><a href=\"https:\/\/www.dulioncharpente.fr\/realisations-charpentes-couvertures\/escaliers-chene\/\">Escaliers ch\u00eane<\/a><\/li>\n<\/ul>\n<p>[\/vc_column_text][\/vc_column_inner][\/vc_row_inner][\/vc_column][\/vc_row]<\/p>\n<\/section>","protected":false},"excerpt":{"rendered":"<p>[vc_row][vc_column][vc_column_text] [\/vc_column_text][vc_row_inner][vc_column_inner width=\u00a0\u00bb1\/2&Prime;][vc_column_text css=\u00a0\u00bb.vc_custom_1639488895901{margin-bottom: 10px !important;}\u00a0\u00bb] Portes [\/vc_column_text][\/vc_column_inner][vc_column_inner width=\u00a0\u00bb1\/2&Prime;][vc_column_text] Escaliers Escaliers bois m\u00e9tal Escaliers \u00e0 balustre tourn\u00e9e Escaliers ch\u00eane [\/vc_column_text][\/vc_column_inner][\/vc_row_inner][\/vc_column][\/vc_row]<\/p>\n","protected":false},"author":1,"featured_media":0,"parent":0,"menu_order":0,"comment_status":"closed","ping_status":"open","template":"","meta":[],"_links":{"self":[{"href":"https:\/\/www.dulioncharpente.fr\/realisations-charpentes-couvertures\/wp-json\/wp\/v2\/pages\/511"}],"collection":[{"href":"https:\/\/www.dulioncharpente.fr\/realisations-charpentes-couvertures\/wp-json\/wp\/v2\/pages"}],"about":[{"href":"https:\/\/www.dulioncharpente.fr\/realisations-charpentes-couvertures\/wp-json\/wp\/v2\/types\/page"}],"author":[{"embeddable":true,"href":"https:\/\/www.dulioncharpente.fr\/realisations-charpentes-couvertures\/wp-json\/wp\/v2\/users\/1"}],"replies":[{"embeddable":true,"href":"https:\/\/www.dulioncharpente.fr\/realisations-charpentes-couvertures\/wp-json\/wp\/v2\/comments?post=511"}],"version-history":[{"count":6,"href":"https:\/\/www.dulioncharpente.fr\/realisations-charpentes-couvertures\/wp-json\/wp\/v2\/pages\/511\/revisions"}],"predecessor-version":[{"id":989,"href":"https:\/\/www.dulioncharpente.fr\/realisations-charpentes-couvertures\/wp-json\/wp\/v2\/pages\/511\/revisions\/989"}],"wp:attachment":[{"href":"https:\/\/www.dulioncharpente.fr\/realisations-charpentes-couvertures\/wp-json\/wp\/v2\/media?parent=511"}],"curies":[{"name":"wp","href":"https:\/\/api.w.org\/{rel}","templated":true}]}}