{"id":359,"date":"2013-05-22T15:39:39","date_gmt":"2013-05-22T14:39:39","guid":{"rendered":"http:\/\/www.dulioncharpente.fr\/realisations-charpentes-couvertures\/?page_id=359"},"modified":"2021-12-13T16:34:06","modified_gmt":"2021-12-13T15:34:06","slug":"ardoises-naturelles","status":"publish","type":"page","link":"https:\/\/www.dulioncharpente.fr\/realisations-charpentes-couvertures\/ardoises-naturelles\/","title":{"rendered":"Ardoises naturelles"},"content":{"rendered":"<section class=\"wpb-content-wrapper\"><p>[vc_row][vc_column][vc_column_text]<div id=\"new-royalslider-34\" class=\"royalSlider new-royalslider-34 rsMinW rs-image-gallery\" style=\"width:100%;height:500px;;\" data-rs-options='{&quot;template&quot;:&quot;default&quot;,&quot;image_generation&quot;:{&quot;lazyLoading&quot;:&quot;true&quot;,&quot;imageWidth&quot;:&quot;&quot;,&quot;imageHeight&quot;:&quot;&quot;,&quot;thumbImageWidth&quot;:96,&quot;thumbImageHeight&quot;:72},&quot;thumbs&quot;:{&quot;paddingBottom&quot;:4,&quot;thumbWidth&quot;:96,&quot;thumbHeight&quot;:72,&quot;appendSpan&quot;:&quot;true&quot;},&quot;fullscreen&quot;:{&quot;enabled&quot;:&quot;true&quot;,&quot;nativeFS&quot;:&quot;true&quot;},&quot;block&quot;:{&quot;moveOffset&quot;:20,&quot;speed&quot;:400,&quot;delay&quot;:200},&quot;width&quot;:&quot;100%&quot;,&quot;height&quot;:500,&quot;autoScaleSlider&quot;:&quot;true&quot;,&quot;autoScaleSliderWidth&quot;:960,&quot;autoScaleSliderHeight&quot;:850,&quot;controlNavigation&quot;:&quot;thumbnails&quot;,&quot;arrowsNavHideOnTouch&quot;:&quot;true&quot;,&quot;globalCaption&quot;:&quot;true&quot;,&quot;globalCaptionInside&quot;:&quot;true&quot;,&quot;keyboardNavEnabled&quot;:&quot;true&quot;,&quot;fadeinLoadedSlide&quot;:&quot;false&quot;}'>\n<div class=\"rsContent\">\n  <a class=\"rsImg\" href=\"https:\/\/www.dulioncharpente.fr\/realisations-charpentes-couvertures\/wp-content\/uploads\/12329134532BuR.jpg\" data-rsBigImg=\"https:\/\/www.dulioncharpente.fr\/realisations-charpentes-couvertures\/wp-content\/uploads\/12329134532BuR.jpg\">Courgis<\/a>\n  <div class=\"rsTmb\"><img src=\"https:\/\/www.dulioncharpente.fr\/realisations-charpentes-couvertures\/wp-content\/uploads\/12329134532BuR-96x72.jpg\" alt=\"\" \/><\/div>\n  \n  \n<\/div>\n<div class=\"rsContent\">\n  <a class=\"rsImg\" href=\"https:\/\/www.dulioncharpente.fr\/realisations-charpentes-couvertures\/wp-content\/uploads\/1232913382CBIp.jpg\" data-rsBigImg=\"https:\/\/www.dulioncharpente.fr\/realisations-charpentes-couvertures\/wp-content\/uploads\/1232913382CBIp.jpg\">Courgis<\/a>\n  <div class=\"rsTmb\"><img src=\"https:\/\/www.dulioncharpente.fr\/realisations-charpentes-couvertures\/wp-content\/uploads\/1232913382CBIp-96x72.jpg\" alt=\"\" \/><\/div>\n  \n  \n<\/div>\n<div class=\"rsContent\">\n  <a class=\"rsImg\" href=\"https:\/\/www.dulioncharpente.fr\/realisations-charpentes-couvertures\/wp-content\/uploads\/1232913366cwpT.jpg\" data-rsBigImg=\"https:\/\/www.dulioncharpente.fr\/realisations-charpentes-couvertures\/wp-content\/uploads\/1232913366cwpT.jpg\">Courgis<\/a>\n  <div class=\"rsTmb\"><img src=\"https:\/\/www.dulioncharpente.fr\/realisations-charpentes-couvertures\/wp-content\/uploads\/1232913366cwpT-96x72.jpg\" alt=\"\" \/><\/div>\n  \n  \n<\/div>\n<div class=\"rsContent\">\n  <a class=\"rsImg\" href=\"https:\/\/www.dulioncharpente.fr\/realisations-charpentes-couvertures\/wp-content\/uploads\/1232913487z9e2.jpg\" data-rsBigImg=\"https:\/\/www.dulioncharpente.fr\/realisations-charpentes-couvertures\/wp-content\/uploads\/1232913487z9e2.jpg\">Courgis<\/a>\n  <div class=\"rsTmb\"><img src=\"https:\/\/www.dulioncharpente.fr\/realisations-charpentes-couvertures\/wp-content\/uploads\/1232913487z9e2-96x72.jpg\" alt=\"\" \/><\/div>\n  \n  \n<\/div>\n<div class=\"rsContent\">\n  <a class=\"rsImg\" href=\"https:\/\/www.dulioncharpente.fr\/realisations-charpentes-couvertures\/wp-content\/uploads\/1232913437hOi3.jpg\" data-rsBigImg=\"https:\/\/www.dulioncharpente.fr\/realisations-charpentes-couvertures\/wp-content\/uploads\/1232913437hOi3.jpg\">Courgis<\/a>\n  <div class=\"rsTmb\"><img src=\"https:\/\/www.dulioncharpente.fr\/realisations-charpentes-couvertures\/wp-content\/uploads\/1232913437hOi3-96x72.jpg\" alt=\"\" \/><\/div>\n  \n  \n<\/div>\n<div class=\"rsContent\">\n  <a class=\"rsImg\" href=\"https:\/\/www.dulioncharpente.fr\/realisations-charpentes-couvertures\/wp-content\/uploads\/1232913507JLqq.jpg\" data-rsBigImg=\"https:\/\/www.dulioncharpente.fr\/realisations-charpentes-couvertures\/wp-content\/uploads\/1232913507JLqq.jpg\">Courgis<\/a>\n  <div class=\"rsTmb\"><img src=\"https:\/\/www.dulioncharpente.fr\/realisations-charpentes-couvertures\/wp-content\/uploads\/1232913507JLqq-96x72.jpg\" alt=\"\" \/><\/div>\n  \n  \n<\/div>\n\n<\/div>\n<br \/>\n[\/vc_column_text][vc_row_inner][vc_column_inner width=\u00a0\u00bb1\/2&Prime;][vc_column_text css=\u00a0\u00bb.vc_custom_1639408029524{margin-bottom: 10px !important;}\u00a0\u00bb]<\/p>\n<ul>\n<li><strong><a href=\"https:\/\/www.dulioncharpente.fr\/realisations-charpentes-couvertures\/tuiles-plates-de-bourgogne\/\">Tuiles plates de Bourgogne<\/a><\/strong><\/li>\n<li><a href=\"https:\/\/www.dulioncharpente.fr\/realisations-charpentes-couvertures\/tuiles-plates-anciennes\/\">Tuiles plates anciennes<\/a><\/li>\n<li><a href=\"https:\/\/www.dulioncharpente.fr\/realisations-charpentes-couvertures\/patio-en-tuiles-plates\/\">Patio en tuiles plates<\/a><\/li>\n<li><a href=\"https:\/\/www.dulioncharpente.fr\/realisations-charpentes-couvertures\/tuiles-plates-neuves\/\">Tuiles plates neuves<\/a><\/li>\n<\/ul>\n<p>[\/vc_column_text][\/vc_column_inner][vc_column_inner width=\u00a0\u00bb1\/2&Prime;][vc_column_text css=\u00a0\u00bb.vc_custom_1639408084404{margin-bottom: 10px !important;}\u00a0\u00bb]<\/p>\n<ul>\n<li><strong><a style=\"line-height: 19px;\" href=\"https:\/\/www.dulioncharpente.fr\/realisations-charpentes-couvertures\/chassis-de-toit\/\">Ch\u00e2ssis de toit<\/a><\/strong><\/li>\n<li><a href=\"https:\/\/www.dulioncharpente.fr\/realisations-charpentes-couvertures\/chassis-cast\/\">Ch\u00e2ssis Cast<\/a><\/li>\n<li><a href=\"https:\/\/www.dulioncharpente.fr\/realisations-charpentes-couvertures\/chassis-velux\/\">Ch\u00e2ssis Velux<\/a><\/li>\n<\/ul>\n<p>[\/vc_column_text][\/vc_column_inner][\/vc_row_inner][vc_row_inner][vc_column_inner width=\u00a0\u00bb1\/2&Prime;][vc_column_text css=\u00a0\u00bb.vc_custom_1639409642748{margin-bottom: 10px !important;}\u00a0\u00bb]<\/p>\n<ul>\n<li><strong><a href=\"https:\/\/www.dulioncharpente.fr\/realisations-charpentes-couvertures\/ardoises\/\">Ardoises<\/a><\/strong><\/li>\n<li><a href=\"https:\/\/www.dulioncharpente.fr\/realisations-charpentes-couvertures\/ardoises-grand-format\/\">Ardoises grand format<\/a><\/li>\n<\/ul>\n<p>[\/vc_column_text][\/vc_column_inner][vc_column_inner width=\u00a0\u00bb1\/2&Prime;][vc_column_text css=\u00a0\u00bb.vc_custom_1639408317616{margin-bottom: 10px !important;}\u00a0\u00bb]<\/p>\n<ul>\n<li><strong><a style=\"line-height: 19px;\" href=\"https:\/\/www.dulioncharpente.fr\/realisations-charpentes-couvertures\/lucarnes\/\">Lucarnes<\/a><\/strong><\/li>\n<\/ul>\n<p>[\/vc_column_text][\/vc_column_inner][\/vc_row_inner][vc_row_inner][vc_column_inner width=\u00a0\u00bb1\/2&Prime;][vc_column_text css=\u00a0\u00bb.vc_custom_1639408344173{margin-bottom: 10px !important;}\u00a0\u00bb]<\/p>\n<ul>\n<li><strong><a href=\"https:\/\/www.dulioncharpente.fr\/realisations-charpentes-couvertures\/tuiles-mecaniques\/\">Tuiles m\u00e9caniques<\/a><\/strong><\/li>\n<li><a href=\"https:\/\/www.dulioncharpente.fr\/realisations-charpentes-couvertures\/tuiles-mecaniques-losangees\/\">Tuiles m\u00e9caniques losang\u00e9es<\/a><\/li>\n<li><a href=\"https:\/\/www.dulioncharpente.fr\/realisations-charpentes-couvertures\/tuiles-mecaniques-20-um%c2%b2\/\">Tuiles m\u00e9caniques 20 u\/m\u00b2<\/a><\/li>\n<li><a href=\"https:\/\/www.dulioncharpente.fr\/realisations-charpentes-couvertures\/tuiles-mecaniques-10-um%c2%b2\/\">Tuiles m\u00e9caniques 10 u\/m\u00b2<\/a><\/li>\n<\/ul>\n<p>[\/vc_column_text][\/vc_column_inner][vc_column_inner width=\u00a0\u00bb1\/2&Prime;][vc_column_text css=\u00a0\u00bb.vc_custom_1639408357421{margin-bottom: 10px !important;}\u00a0\u00bb]<\/p>\n<ul>\n<li><span style=\"line-height: 19px;\"><strong><a href=\"https:\/\/www.dulioncharpente.fr\/realisations-charpentes-couvertures\/entretiens-de-couvertures\/\">Entretiens de couvertures<\/a><\/strong><\/span><\/li>\n<\/ul>\n<p>[\/vc_column_text][\/vc_column_inner][\/vc_row_inner][vc_row_inner][vc_column_inner width=\u00a0\u00bb1\/2&Prime;][vc_column_text css=\u00a0\u00bb.vc_custom_1639408372813{margin-bottom: 10px !important;}\u00a0\u00bb]<\/p>\n<ul>\n<li><strong><strong><a href=\"https:\/\/www.dulioncharpente.fr\/realisations-charpentes-couvertures\/couvertures-en-zinc\/\">Couvertures en zinc<\/a><\/strong><\/strong><\/li>\n<\/ul>\n<p>[\/vc_column_text][\/vc_column_inner][vc_column_inner width=\u00a0\u00bb1\/2&Prime;][vc_column_text css=\u00a0\u00bb.vc_custom_1639408600157{margin-bottom: 10px !important;}\u00a0\u00bb]<\/p>\n<ul>\n<li><strong><a href=\"https:\/\/www.dulioncharpente.fr\/realisations-charpentes-couvertures\/couvertures-en-bacs-acier\/\">Couvertures en bacs acier<\/a><\/strong><span style=\"line-height: 19px;\"><strong><br \/>\n<\/strong><\/span><\/li>\n<\/ul>\n<p>[\/vc_column_text][\/vc_column_inner][\/vc_row_inner][\/vc_column][\/vc_row]<\/p>\n<\/section>","protected":false},"excerpt":{"rendered":"<p>[vc_row][vc_column][vc_column_text] [\/vc_column_text][vc_row_inner][vc_column_inner width=\u00a0\u00bb1\/2&Prime;][vc_column_text css=\u00a0\u00bb.vc_custom_1639408029524{margin-bottom: 10px !important;}\u00a0\u00bb] Tuiles plates de Bourgogne Tuiles plates anciennes Patio en tuiles plates Tuiles plates neuves [\/vc_column_text][\/vc_column_inner][vc_column_inner width=\u00a0\u00bb1\/2&Prime;][vc_column_text css=\u00a0\u00bb.vc_custom_1639408084404{margin-bottom: 10px !important;}\u00a0\u00bb] Ch\u00e2ssis de toit Ch\u00e2ssis Cast Ch\u00e2ssis Velux [\/vc_column_text][\/vc_column_inner][\/vc_row_inner][vc_row_inner][vc_column_inner width=\u00a0\u00bb1\/2&Prime;][vc_column_text css=\u00a0\u00bb.vc_custom_1639409642748{margin-bottom: 10px !important;}\u00a0\u00bb] Ardoises Ardoises grand format [\/vc_column_text][\/vc_column_inner][vc_column_inner width=\u00a0\u00bb1\/2&Prime;][vc_column_text css=\u00a0\u00bb.vc_custom_1639408317616{margin-bottom: 10px !important;}\u00a0\u00bb] Lucarnes [\/vc_column_text][\/vc_column_inner][\/vc_row_inner][vc_row_inner][vc_column_inner width=\u00a0\u00bb1\/2&Prime;][vc_column_text css=\u00a0\u00bb.vc_custom_1639408344173{margin-bottom: 10px !important;}\u00a0\u00bb] Tuiles m\u00e9caniques Tuiles &#8230; <a title=\"Ardoises naturelles\" class=\"read-more\" href=\"https:\/\/www.dulioncharpente.fr\/realisations-charpentes-couvertures\/ardoises-naturelles\/\" aria-label=\"Plus sur Ardoises naturelles\">Lire plus<\/a><\/p>\n","protected":false},"author":1,"featured_media":0,"parent":0,"menu_order":0,"comment_status":"closed","ping_status":"open","template":"","meta":[],"_links":{"self":[{"href":"https:\/\/www.dulioncharpente.fr\/realisations-charpentes-couvertures\/wp-json\/wp\/v2\/pages\/359"}],"collection":[{"href":"https:\/\/www.dulioncharpente.fr\/realisations-charpentes-couvertures\/wp-json\/wp\/v2\/pages"}],"about":[{"href":"https:\/\/www.dulioncharpente.fr\/realisations-charpentes-couvertures\/wp-json\/wp\/v2\/types\/page"}],"author":[{"embeddable":true,"href":"https:\/\/www.dulioncharpente.fr\/realisations-charpentes-couvertures\/wp-json\/wp\/v2\/users\/1"}],"replies":[{"embeddable":true,"href":"https:\/\/www.dulioncharpente.fr\/realisations-charpentes-couvertures\/wp-json\/wp\/v2\/comments?post=359"}],"version-history":[{"count":5,"href":"https:\/\/www.dulioncharpente.fr\/realisations-charpentes-couvertures\/wp-json\/wp\/v2\/pages\/359\/revisions"}],"predecessor-version":[{"id":939,"href":"https:\/\/www.dulioncharpente.fr\/realisations-charpentes-couvertures\/wp-json\/wp\/v2\/pages\/359\/revisions\/939"}],"wp:attachment":[{"href":"https:\/\/www.dulioncharpente.fr\/realisations-charpentes-couvertures\/wp-json\/wp\/v2\/media?parent=359"}],"curies":[{"name":"wp","href":"https:\/\/api.w.org\/{rel}","templated":true}]}}